{"id":135,"date":"2020-03-03T07:21:51","date_gmt":"2020-03-03T06:21:51","guid":{"rendered":"https:\/\/www.eprestige.eu\/?page_id=135"},"modified":"2023-05-15T11:36:33","modified_gmt":"2023-05-15T09:36:33","slug":"about-2","status":"publish","type":"page","link":"https:\/\/www.eprestige.eu\/?page_id=135","title":{"rendered":"Nasze zespo\u0142y"},"content":{"rendered":"\t\t<div data-elementor-type=\"wp-page\" data-elementor-id=\"135\" class=\"elementor elementor-135\" data-elementor-settings=\"[]\">\n\t\t\t\t\t\t<div class=\"elementor-inner\">\n\t\t\t\t\t\t\t<div class=\"elementor-section-wrap\">\n\t\t\t\t\t\t\t<section class=\"elementor-section elementor-top-section elementor-element elementor-element-462e974 elementor-reverse-tablet elementor-reverse-mobile elementor-section-boxed elementor-section-height-default elementor-section-height-default\" data-id=\"462e974\" data-element_type=\"section\">\n\t\t\t\t\t\t<div class=\"elementor-container elementor-column-gap-default\">\n\t\t\t\t\t\t\t<div class=\"elementor-row\">\n\t\t\t\t\t<div class=\"aux-parallax-section elementor-column elementor-col-50 elementor-top-column elementor-element elementor-element-7aab943\" data-id=\"7aab943\" data-element_type=\"column\">\n\t\t\t<div class=\"elementor-column-wrap elementor-element-populated\">\n\t\t\t\t\t\t\t<div class=\"elementor-widget-wrap\">\n\t\t\t\t\t\t<div class=\"elementor-element elementor-element-ed02dcb aux-appear-watch-animation aux-fade-in-up elementor-widget elementor-widget-aux_modern_heading\" data-id=\"ed02dcb\" data-element_type=\"widget\" data-widget_type=\"aux_modern_heading.default\">\n\t\t\t\t<div class=\"elementor-widget-container\">\n\t\t\t<section class=\"aux-widget-modern-heading\">\n            <div class=\"aux-widget-inner\"><h2 class=\"aux-modern-heading-primary\">Nasze zespo\u0142y<\/h2><h3 class=\"aux-modern-heading-secondary\"><span class=\"aux-head-highlight\">Zesp\u00f3\u0142 kreatywny <\/span><span class=\"aux-head-after\">- tworzenie filozofii firmy<\/span><\/h3><div class=\"aux-modern-heading-description\"><p>To kilka nies\u0142ychanie utalentowanych i pracowitych projektantek, konstruktorek i technolog\u00f3w, kt\u00f3re nieustannie poszukuj\u0105 inspiracji i tworz\u0105 prototypy, aby nast\u0119pnie dopracowa\u0107 je w najmniejszym szczeg\u00f3le zwracaj\u0105c uwag\u0119 na r\u00f3\u017cnorodno\u015b\u0107 kobiecych sylwetek, upodobania i potrzeby. Te kobiety czuj\u0105 czego potrzeba naszym odbiorcom i chc\u0105 zaspokaja\u0107 ich pragnienia. Z tej \u015bwiadomo\u015bci r\u00f3\u017cnorodno\u015bci powsta\u0142y marki: MOE, BE WEAR, STYLOVE, MAKOVER oraz LALUPA oferuj\u0105ce asortyment od typowo biurowych uniwersalnych element\u00f3w tzw. szafy kapsu\u0142owej, poprzez modowe nowo\u015bci na co dzie\u0144 i od \u015bwi\u0119ta do stylowych i komfortowych ubra\u0144 domowych oraz pi\u017cam.<\/p><p>Z pieczo\u0142owit\u0105 staranno\u015bci\u0105 dobierane s\u0105 tutaj tkaniny, dzianiny i dodatki, a fasony konstruowane tak, \u017ceby dopasowa\u0107 ubranie do jak najwi\u0119kszej liczby odbiorc\u00f3w. To w tym zespole i na tym etapie, opr\u00f3cz pomys\u0142\u00f3w buduje si\u0119 te\u017c filozofia naszej firmy. Nasze ubrania maj\u0105 by\u0107 ponadczasowe, trwa\u0142e i w przyst\u0119pnej cenie.<\/p><p>W okre\u015bleniu naszego DNA, z kt\u00f3rym uto\u017csamia\u0107 si\u0119 b\u0119d\u0105 nasze klientki pomaga zesp\u00f3\u0142 sk\u0142adaj\u0105cy si\u0119 ze specjalist\u00f3w takich jak: projektanci grafik, webmasterzy, content i sales managerowie. To oni badaj\u0105 rynek, prowadz\u0105 statystyki i wyci\u0105gaj\u0105 wnioski, na podstawie kt\u00f3rych kreujemy wizerunek naszych marek i dbamy o to, by by\u0107 dobrze postrzeganym.<\/p><\/div><\/div>\n        <\/section>\t\t<\/div>\n\t\t\t\t<\/div>\n\t\t\t\t\t\t<\/div>\n\t\t\t\t\t<\/div>\n\t\t<\/div>\n\t\t\t\t<div class=\"aux-parallax-section elementor-column elementor-col-50 elementor-top-column elementor-element elementor-element-dd44cd4\" data-id=\"dd44cd4\" data-element_type=\"column\">\n\t\t\t<div class=\"elementor-column-wrap elementor-element-populated\">\n\t\t\t\t\t\t\t<div class=\"elementor-widget-wrap\">\n\t\t\t\t\t\t<div class=\"elementor-element elementor-element-b9054c0 aux-appear-watch-animation aux-mask-from-left elementor-widget elementor-widget-aux_image\" data-id=\"b9054c0\" data-element_type=\"widget\" data-widget_type=\"aux_image.default\">\n\t\t\t\t<div class=\"elementor-widget-container\">\n\t\t\t<section class=\"widget-container aux-widget-image aux-alignnone aux-parent-au99503bbd\">\n    <div class=\"aux-media-hint-frame \">\n        <div class=\"aux-media-image \" >\n        \n            \n\n            \n            <img loading=\"lazy\" decoding=\"async\" width=\"1024\" height=\"780\" src=\"https:\/\/www.eprestige.eu\/wp-content\/uploads\/2021\/12\/photo-1464699908537-0954e50791ee-40x40.jpg\" class=\"aux-attachment aux-featured-image aux-attachment-id-359 aux-preload aux-has-preview\" alt=\"photo-1464699908537-0954e50791ee\" data-ratio=\"1\" data-original-w=\"1171\" sizes=\"auto\" data-srcset=\"https:\/\/www.eprestige.eu\/wp-content\/uploads\/2021\/12\/photo-1464699908537-0954e50791ee-150x150.jpg 150w,https:\/\/www.eprestige.eu\/wp-content\/uploads\/2021\/12\/photo-1464699908537-0954e50791ee-300x300.jpg 300w,https:\/\/www.eprestige.eu\/wp-content\/uploads\/2021\/12\/photo-1464699908537-0954e50791ee-768x768.jpg 768w,https:\/\/www.eprestige.eu\/wp-content\/uploads\/2021\/12\/photo-1464699908537-0954e50791ee-1024x780.jpg 1024w,https:\/\/www.eprestige.eu\/wp-content\/uploads\/2021\/12\/photo-1464699908537-0954e50791ee-1024x780.jpg 1024w\" data-src=\"https:\/\/www.eprestige.eu\/wp-content\/uploads\/2021\/12\/photo-1464699908537-0954e50791ee-1024x780.jpg\" \/>            \n                <\/div>\n    <\/div>\n\n<\/section><!-- widget-container -->\t\t<\/div>\n\t\t\t\t<\/div>\n\t\t\t\t\t\t<\/div>\n\t\t\t\t\t<\/div>\n\t\t<\/div>\n\t\t\t\t\t\t\t\t<\/div>\n\t\t\t\t\t<\/div>\n\t\t<\/section>\n\t\t\t\t<section class=\"elementor-section elementor-top-section elementor-element elementor-element-376ae0f elementor-reverse-tablet elementor-reverse-mobile elementor-section-boxed elementor-section-height-default elementor-section-height-default\" data-id=\"376ae0f\" data-element_type=\"section\">\n\t\t\t\t\t\t<div class=\"elementor-container elementor-column-gap-default\">\n\t\t\t\t\t\t\t<div class=\"elementor-row\">\n\t\t\t\t\t<div class=\"aux-parallax-section elementor-column elementor-col-50 elementor-top-column elementor-element elementor-element-d0211ea\" data-id=\"d0211ea\" data-element_type=\"column\">\n\t\t\t<div class=\"elementor-column-wrap elementor-element-populated\">\n\t\t\t\t\t\t\t<div class=\"elementor-widget-wrap\">\n\t\t\t\t\t\t<div class=\"elementor-element elementor-element-971beee aux-appear-watch-animation aux-mask-from-left elementor-widget elementor-widget-aux_image\" data-id=\"971beee\" data-element_type=\"widget\" data-widget_type=\"aux_image.default\">\n\t\t\t\t<div class=\"elementor-widget-container\">\n\t\t\t<section class=\"widget-container aux-widget-image aux-alignnone aux-parent-au57066550\">\n    <div class=\"aux-media-hint-frame \">\n        <div class=\"aux-media-image \" >\n        \n            \n\n            \n            <img loading=\"lazy\" decoding=\"async\" width=\"1024\" height=\"1024\" src=\"https:\/\/www.eprestige.eu\/wp-content\/uploads\/2021\/12\/produkcja-40x40.jpg\" class=\"aux-attachment aux-featured-image aux-attachment-id-361 aux-preload aux-has-preview\" alt=\"produkcja\" data-ratio=\"1\" data-original-w=\"1974\" sizes=\"auto\" data-srcset=\"https:\/\/www.eprestige.eu\/wp-content\/uploads\/2021\/12\/produkcja-150x150.jpg 150w,https:\/\/www.eprestige.eu\/wp-content\/uploads\/2021\/12\/produkcja-300x300.jpg 300w,https:\/\/www.eprestige.eu\/wp-content\/uploads\/2021\/12\/produkcja-768x768.jpg 768w,https:\/\/www.eprestige.eu\/wp-content\/uploads\/2021\/12\/produkcja-1024x1024.jpg 1024w,https:\/\/www.eprestige.eu\/wp-content\/uploads\/2021\/12\/produkcja-1024x1024.jpg 1024w\" data-src=\"https:\/\/www.eprestige.eu\/wp-content\/uploads\/2021\/12\/produkcja-1024x1024.jpg\" \/>            \n                <\/div>\n    <\/div>\n\n<\/section><!-- widget-container -->\t\t<\/div>\n\t\t\t\t<\/div>\n\t\t\t\t\t\t<\/div>\n\t\t\t\t\t<\/div>\n\t\t<\/div>\n\t\t\t\t<div class=\"aux-parallax-section elementor-column elementor-col-50 elementor-top-column elementor-element elementor-element-b207d21\" data-id=\"b207d21\" data-element_type=\"column\">\n\t\t\t<div class=\"elementor-column-wrap elementor-element-populated\">\n\t\t\t\t\t\t\t<div class=\"elementor-widget-wrap\">\n\t\t\t\t\t\t<div class=\"elementor-element elementor-element-da4a287 aux-appear-watch-animation aux-fade-in-up elementor-widget elementor-widget-aux_modern_heading\" data-id=\"da4a287\" data-element_type=\"widget\" data-widget_type=\"aux_modern_heading.default\">\n\t\t\t\t<div class=\"elementor-widget-container\">\n\t\t\t<section class=\"aux-widget-modern-heading\">\n            <div class=\"aux-widget-inner\"><h2 class=\"aux-modern-heading-primary\"><\/h2><h3 class=\"aux-modern-heading-secondary\"><span class=\"aux-head-highlight\">Produkcja i obs\u0142uga zam\u00f3wie\u0144<\/span><span class=\"aux-head-after\">- czyli konkrety<\/span><\/h3><div class=\"aux-modern-heading-description\"><p><span data-contrast=\"none\">Nasz<\/span><span data-contrast=\"none\">\u0105 <\/span><span data-contrast=\"none\">mocn<\/span><span data-contrast=\"none\">\u0105 <\/span><span data-contrast=\"none\">stron<\/span><span data-contrast=\"none\">\u0105 <\/span><span data-contrast=\"none\">jest du<\/span><span data-contrast=\"none\">\u017c<\/span><span data-contrast=\"none\">y zak<\/span><span data-contrast=\"none\">\u0142<\/span><span data-contrast=\"none\">ad produkcyjny, w kt<\/span><span data-contrast=\"none\">\u00f3<\/span><span data-contrast=\"none\">rym powstaj<\/span><span data-contrast=\"none\">\u0105 <\/span><span data-contrast=\"none\">nasze ubrania, i gdzie pod troskliwym okiem naszych pracownik<\/span><span data-contrast=\"none\">\u00f3<\/span><span data-contrast=\"none\">w prowadzona jest kontrola jako<\/span><span data-contrast=\"none\">\u015b<\/span><span data-contrast=\"none\">ci oraz pakowanie. Dajemy prac<\/span><span data-contrast=\"none\">\u0119 <\/span><span data-contrast=\"none\">ponad stu osobom i dbamy o ich warunki pracy oraz wynagrodzenia. W rezultacie mo<\/span><span data-contrast=\"none\">\u017c<\/span><span data-contrast=\"none\">emy pochwali<\/span><span data-contrast=\"none\">\u0107 <\/span><span data-contrast=\"none\">si<\/span><span data-contrast=\"none\">\u0119 <\/span><span data-contrast=\"none\">du<\/span><span data-contrast=\"none\">\u017c\u0105 <\/span><span data-contrast=\"none\">zdolno<\/span><span data-contrast=\"none\">\u015b<\/span><span data-contrast=\"none\">ci<\/span><span data-contrast=\"none\">\u0105 <\/span><span data-contrast=\"none\">produkcyjn<\/span><span data-contrast=\"none\">\u0105 <\/span><span data-contrast=\"none\">si<\/span><span data-contrast=\"none\">\u0119<\/span><span data-contrast=\"none\">gaj<\/span><span data-contrast=\"none\">\u0105<\/span><span data-contrast=\"none\">c<\/span><span data-contrast=\"none\">\u0105 <\/span><span data-contrast=\"none\">kilku tysi<\/span><span data-contrast=\"none\">\u0119<\/span><span data-contrast=\"none\">cy wyprodukowanych sztuk dziennie. Tak wysoka produktywno<\/span><span data-contrast=\"none\">\u015b\u0107 <\/span><span data-contrast=\"none\">jest planowana z uwagi na du<\/span><span data-contrast=\"none\">\u017c<\/span><span data-contrast=\"none\">e zapotrzebowanie na nasze produkty ca<\/span><span data-contrast=\"none\">\u0142<\/span><span data-contrast=\"none\">orocznie.\u00a0 <\/span><\/p><p><span data-contrast=\"none\">W celu usprawnienia procesu produkcyjnego i podniesienia jako<\/span><span data-contrast=\"none\">\u015b<\/span><span data-contrast=\"none\">ci wyprodukowanych produkt<\/span><span data-contrast=\"none\">\u00f3<\/span><span data-contrast=\"none\">w nieustannie powi<\/span><span data-contrast=\"none\">\u0119<\/span><span data-contrast=\"none\">kszamy park maszynowy i uzupe<\/span><span data-contrast=\"none\">\u0142<\/span><span data-contrast=\"none\">niamy go o najnowsze i r<\/span><span data-contrast=\"none\">\u00f3\u017c<\/span><span data-contrast=\"none\">norodne rozwi<\/span><span data-contrast=\"none\">\u0105<\/span><span data-contrast=\"none\">zania.<\/span><span data-ccp-props=\"{\">\u00a0<\/span><\/p><p><span data-contrast=\"none\">Zesp<\/span><span data-contrast=\"none\">\u00f3\u0142 <\/span><span data-contrast=\"none\">specjalist<\/span><span data-contrast=\"none\">\u00f3<\/span><span data-contrast=\"none\">w realizuj<\/span><span data-contrast=\"none\">\u0105<\/span><span data-contrast=\"none\">cych zam<\/span><span data-contrast=\"none\">\u00f3<\/span><span data-contrast=\"none\">wienia to kolejna mocna grupa, dzi<\/span><span data-contrast=\"none\">\u0119<\/span><span data-contrast=\"none\">ki kt<\/span><span data-contrast=\"none\">\u00f3<\/span><span data-contrast=\"none\">rej przygotowanie i wysy<\/span><span data-contrast=\"none\">\u0142<\/span><span data-contrast=\"none\">ka towar<\/span><span data-contrast=\"none\">\u00f3<\/span><span data-contrast=\"none\">w jest skr<\/span><span data-contrast=\"none\">\u00f3<\/span><span data-contrast=\"none\">cona do minimum. Jeste<\/span><span data-contrast=\"none\">\u015b<\/span><span data-contrast=\"none\">my w tym niezawodni, a szybk<\/span><span data-contrast=\"none\">\u0105 <\/span><span data-contrast=\"none\">wysy<\/span><span data-contrast=\"none\">\u0142<\/span><span data-contrast=\"none\">k<\/span><span data-contrast=\"none\">\u0119 <\/span><span data-contrast=\"none\">umo<\/span><span data-contrast=\"none\">\u017c<\/span><span data-contrast=\"none\">liwia nam nie tylko pr<\/span><span data-contrast=\"none\">\u0119\u017c<\/span><span data-contrast=\"none\">nie dzia<\/span><span data-contrast=\"none\">\u0142<\/span><span data-contrast=\"none\">aj<\/span><span data-contrast=\"none\">\u0105<\/span><span data-contrast=\"none\">ca w<\/span><span data-contrast=\"none\">\u0142<\/span><span data-contrast=\"none\">asna szwalnia, ale r<\/span><span data-contrast=\"none\">\u00f3<\/span><span data-contrast=\"none\">wnie<\/span><span data-contrast=\"none\">\u017c <\/span><span data-contrast=\"none\">du<\/span><span data-contrast=\"none\">\u017c<\/span><span data-contrast=\"none\">a powierzchnia magazynowa.<\/span><span data-ccp-props=\"{\">\u00a0<\/span><\/p><\/div><\/div>\n        <\/section>\t\t<\/div>\n\t\t\t\t<\/div>\n\t\t\t\t\t\t<\/div>\n\t\t\t\t\t<\/div>\n\t\t<\/div>\n\t\t\t\t\t\t\t\t<\/div>\n\t\t\t\t\t<\/div>\n\t\t<\/section>\n\t\t\t\t<section class=\"elementor-section elementor-top-section elementor-element elementor-element-b713bdc elementor-section-boxed elementor-section-height-default elementor-section-height-default\" data-id=\"b713bdc\" data-element_type=\"section\" data-settings=\"{&quot;background_background&quot;:&quot;classic&quot;}\">\n\t\t\t\t\t\t<div class=\"elementor-container elementor-column-gap-default\">\n\t\t\t\t\t\t\t<div class=\"elementor-row\">\n\t\t\t\t\t<div class=\"aux-parallax-section elementor-column elementor-col-100 elementor-top-column elementor-element elementor-element-ff12b46 aux-appear-watch-animation aux-mask-from-right\" data-id=\"ff12b46\" data-element_type=\"column\" data-settings=\"{&quot;background_background&quot;:&quot;classic&quot;}\">\n\t\t\t<div class=\"elementor-column-wrap elementor-element-populated\">\n\t\t\t\t\t\t\t<div class=\"elementor-widget-wrap\">\n\t\t\t\t\t\t<div class=\"elementor-element elementor-element-9fdcf92 elementor-widget elementor-widget-spacer\" data-id=\"9fdcf92\" data-element_type=\"widget\" data-widget_type=\"spacer.default\">\n\t\t\t\t<div class=\"elementor-widget-container\">\n\t\t\t\t\t<div class=\"elementor-spacer\">\n\t\t\t<div class=\"elementor-spacer-inner\"><\/div>\n\t\t<\/div>\n\t\t\t\t<\/div>\n\t\t\t\t<\/div>\n\t\t\t\t\t\t<\/div>\n\t\t\t\t\t<\/div>\n\t\t<\/div>\n\t\t\t\t\t\t\t\t<\/div>\n\t\t\t\t\t<\/div>\n\t\t<\/section>\n\t\t\t\t<section class=\"elementor-section elementor-top-section elementor-element elementor-element-4f149dc elementor-section-boxed elementor-section-height-default elementor-section-height-default\" data-id=\"4f149dc\" data-element_type=\"section\">\n\t\t\t\t\t\t<div class=\"elementor-container elementor-column-gap-default\">\n\t\t\t\t\t\t\t<div class=\"elementor-row\">\n\t\t\t\t\t<div class=\"aux-parallax-section elementor-column elementor-col-100 elementor-top-column elementor-element elementor-element-23621b8\" data-id=\"23621b8\" data-element_type=\"column\">\n\t\t\t<div class=\"elementor-column-wrap elementor-element-populated\">\n\t\t\t\t\t\t\t<div class=\"elementor-widget-wrap\">\n\t\t\t\t\t\t<div class=\"elementor-element elementor-element-7094543 elementor-widget elementor-widget-html\" data-id=\"7094543\" data-element_type=\"widget\" data-widget_type=\"html.default\">\n\t\t\t\t<div class=\"elementor-widget-container\">\n\t\t\t<style>\n    .aux-modern-heading-description {\n       text-align:justify;\n}\n<\/style>\t\t<\/div>\n\t\t\t\t<\/div>\n\t\t\t\t\t\t<\/div>\n\t\t\t\t\t<\/div>\n\t\t<\/div>\n\t\t\t\t\t\t\t\t<\/div>\n\t\t\t\t\t<\/div>\n\t\t<\/section>\n\t\t\t\t\t\t<\/div>\n\t\t\t\t\t\t<\/div>\n\t\t\t\t\t<\/div>\n\t\t","protected":false},"excerpt":{"rendered":"<p>Nasze zespo\u0142y Zesp\u00f3\u0142 kreatywny &#8211; tworzenie filozofii firmy To kilka nies\u0142ychanie utalentowanych i pracowitych projektantek, konstruktorek i technolog\u00f3w, kt\u00f3re nieustannie poszukuj\u0105 inspiracji i tworz\u0105 prototypy, aby nast\u0119pnie dopracowa\u0107 je w najmniejszym szczeg\u00f3le zwracaj\u0105c uwag\u0119 na r\u00f3\u017cnorodno\u015b\u0107 kobiecych sylwetek, upodobania i potrzeby. Te kobiety czuj\u0105 czego potrzeba naszym odbiorcom i chc\u0105 zaspokaja\u0107 ich pragnienia. Z tej [&hellip;]<\/p>\n","protected":false},"author":1,"featured_media":0,"parent":0,"menu_order":0,"comment_status":"closed","ping_status":"closed","template":"templates\/page-builder-content.php","meta":{"footnotes":""},"class_list":["post-135","page","type-page","status-publish","hentry"],"_links":{"self":[{"href":"https:\/\/www.eprestige.eu\/index.php?rest_route=\/wp\/v2\/pages\/135","targetHints":{"allow":["GET"]}}],"collection":[{"href":"https:\/\/www.eprestige.eu\/index.php?rest_route=\/wp\/v2\/pages"}],"about":[{"href":"https:\/\/www.eprestige.eu\/index.php?rest_route=\/wp\/v2\/types\/page"}],"author":[{"embeddable":true,"href":"https:\/\/www.eprestige.eu\/index.php?rest_route=\/wp\/v2\/users\/1"}],"replies":[{"embeddable":true,"href":"https:\/\/www.eprestige.eu\/index.php?rest_route=%2Fwp%2Fv2%2Fcomments&post=135"}],"version-history":[{"count":35,"href":"https:\/\/www.eprestige.eu\/index.php?rest_route=\/wp\/v2\/pages\/135\/revisions"}],"predecessor-version":[{"id":719,"href":"https:\/\/www.eprestige.eu\/index.php?rest_route=\/wp\/v2\/pages\/135\/revisions\/719"}],"wp:attachment":[{"href":"https:\/\/www.eprestige.eu\/index.php?rest_route=%2Fwp%2Fv2%2Fmedia&parent=135"}],"curies":[{"name":"wp","href":"https:\/\/api.w.org\/{rel}","templated":true}]}}