{"id":451,"date":"2021-12-20T15:04:54","date_gmt":"2021-12-20T14:04:54","guid":{"rendered":"https:\/\/www.eprestige.eu\/?page_id=451"},"modified":"2023-05-15T11:43:16","modified_gmt":"2023-05-15T09:43:16","slug":"o-nas","status":"publish","type":"page","link":"https:\/\/www.eprestige.eu\/?page_id=451","title":{"rendered":"O nas"},"content":{"rendered":"\t\t<div data-elementor-type=\"wp-page\" data-elementor-id=\"451\" class=\"elementor elementor-451\" data-elementor-settings=\"[]\">\n\t\t\t\t\t\t<div class=\"elementor-inner\">\n\t\t\t\t\t\t\t<div class=\"elementor-section-wrap\">\n\t\t\t\t\t\t\t<section class=\"elementor-section elementor-top-section elementor-element elementor-element-2bb235a elementor-section-boxed elementor-section-height-default elementor-section-height-default\" data-id=\"2bb235a\" data-element_type=\"section\">\n\t\t\t\t\t\t<div class=\"elementor-container elementor-column-gap-default\">\n\t\t\t\t\t\t\t<div class=\"elementor-row\">\n\t\t\t\t\t<div class=\"aux-parallax-section elementor-column elementor-col-100 elementor-top-column elementor-element elementor-element-786885a\" data-id=\"786885a\" data-element_type=\"column\">\n\t\t\t<div class=\"elementor-column-wrap elementor-element-populated\">\n\t\t\t\t\t\t\t<div class=\"elementor-widget-wrap\">\n\t\t\t\t\t\t<div class=\"aux-scroll-anim elementor-element elementor-element-b1fab99 aux-appear-watch-animation aux-fade-in-left-1 elementor-widget elementor-widget-aux_modern_heading\" data-move-in=\"moveHorizontal\" data-move-out=\"moveHorizontal\" data-axis-x=\"-50\" data-axis-y=\"200\" data-rotate=\"90\" data-scale=\"1\" data-vp-top=\"0.5\" data-vp-bot=\"0.5\" data-el-top=\"0.2\" data-scroll-animation-off=\"1024\" data-id=\"b1fab99\" data-element_type=\"widget\" data-widget_type=\"aux_modern_heading.default\">\n\t\t\t\t<div class=\"elementor-widget-container\">\n\t\t\t<section class=\"aux-widget-modern-heading\">\n            <div class=\"aux-widget-inner\"><h1 class=\"aux-modern-heading-primary\"><\/h1><h3 class=\"aux-modern-heading-secondary\"><span class=\"aux-head-highlight\">O nas<\/span><\/h3><\/div>\n        <\/section>\t\t<\/div>\n\t\t\t\t<\/div>\n\t\t\t\t\t\t<\/div>\n\t\t\t\t\t<\/div>\n\t\t<\/div>\n\t\t\t\t\t\t\t\t<\/div>\n\t\t\t\t\t<\/div>\n\t\t<\/section>\n\t\t\t\t<section class=\"elementor-section elementor-top-section elementor-element elementor-element-96403be elementor-section-boxed elementor-section-height-default elementor-section-height-default\" data-id=\"96403be\" data-element_type=\"section\">\n\t\t\t\t\t\t<div class=\"elementor-container elementor-column-gap-default\">\n\t\t\t\t\t\t\t<div class=\"elementor-row\">\n\t\t\t\t\t<div class=\"aux-parallax-section elementor-column elementor-col-100 elementor-top-column elementor-element elementor-element-8e8e92b\" data-id=\"8e8e92b\" data-element_type=\"column\">\n\t\t\t<div class=\"elementor-column-wrap\">\n\t\t\t\t\t\t\t<div class=\"elementor-widget-wrap\">\n\t\t\t\t\t\t\t\t<\/div>\n\t\t\t\t\t<\/div>\n\t\t<\/div>\n\t\t\t\t\t\t\t\t<\/div>\n\t\t\t\t\t<\/div>\n\t\t<\/section>\n\t\t\t\t<section class=\"elementor-section elementor-top-section elementor-element elementor-element-9b84863 elementor-section-boxed elementor-section-height-default elementor-section-height-default\" data-id=\"9b84863\" data-element_type=\"section\">\n\t\t\t\t\t\t<div class=\"elementor-container elementor-column-gap-default\">\n\t\t\t\t\t\t\t<div class=\"elementor-row\">\n\t\t\t\t\t<div class=\"aux-parallax-section elementor-column elementor-col-100 elementor-top-column elementor-element elementor-element-8a85b03\" data-id=\"8a85b03\" data-element_type=\"column\">\n\t\t\t<div class=\"elementor-column-wrap elementor-element-populated\">\n\t\t\t\t\t\t\t<div class=\"elementor-widget-wrap\">\n\t\t\t\t\t\t<div class=\"elementor-element elementor-element-badb54d elementor-widget elementor-widget-spacer\" data-id=\"badb54d\" data-element_type=\"widget\" data-widget_type=\"spacer.default\">\n\t\t\t\t<div class=\"elementor-widget-container\">\n\t\t\t\t\t<div class=\"elementor-spacer\">\n\t\t\t<div class=\"elementor-spacer-inner\"><\/div>\n\t\t<\/div>\n\t\t\t\t<\/div>\n\t\t\t\t<\/div>\n\t\t\t\t\t\t<\/div>\n\t\t\t\t\t<\/div>\n\t\t<\/div>\n\t\t\t\t\t\t\t\t<\/div>\n\t\t\t\t\t<\/div>\n\t\t<\/section>\n\t\t\t\t<section class=\"elementor-section elementor-top-section elementor-element elementor-element-3ae6204 elementor-reverse-tablet elementor-reverse-mobile elementor-section-boxed elementor-section-height-default elementor-section-height-default\" data-id=\"3ae6204\" data-element_type=\"section\">\n\t\t\t\t\t\t<div class=\"elementor-container elementor-column-gap-default\">\n\t\t\t\t\t\t\t<div class=\"elementor-row\">\n\t\t\t\t\t<div class=\"aux-parallax-section elementor-column elementor-col-50 elementor-top-column elementor-element elementor-element-d6e2771\" data-id=\"d6e2771\" data-element_type=\"column\">\n\t\t\t<div class=\"elementor-column-wrap elementor-element-populated\">\n\t\t\t\t\t\t\t<div class=\"elementor-widget-wrap\">\n\t\t\t\t\t\t<div class=\"elementor-element elementor-element-03a731d aux-appear-watch-animation aux-fade-in-up elementor-widget elementor-widget-aux_modern_heading\" data-id=\"03a731d\" data-element_type=\"widget\" data-widget_type=\"aux_modern_heading.default\">\n\t\t\t\t<div class=\"elementor-widget-container\">\n\t\t\t<section class=\"aux-widget-modern-heading\">\n            <div class=\"aux-widget-inner\"><h2 class=\"aux-modern-heading-primary\">Kim jeste\u015bmy<\/h2><h3 class=\"aux-modern-heading-secondary\"><span class=\"aux-head-highlight\">i co oferujemy?<\/span><\/h3><div class=\"aux-modern-heading-description\"><p class=\"LO-normal\"><span lang=\"pl\">Pocz\u0105tek naszej dzia\u0142alno\u015bci si\u0119ga 2010 r. Mieli\u015bmy wizj\u0119, motywacj\u0119, pomys\u0142 i du\u017co ch\u0119ci, \u017ceby bra\u0107 czynny udzia\u0142 w \u017cyciu wielu kobiet. Wiedzieli\u015bmy jednak, \u017ce przed nami trudne zadanie, kt\u00f3re wymaga czasu. Dzi\u015b, po 12. latach dzia\u0142alno\u015bci, mo\u017cemy pochwali\u0107 si\u0119 w\u0142asn\u0105 szwalni\u0105, w kt\u00f3rej pracuje niemal\u017ce 200 os\u00f3b dbaj\u0105cych o jako\u015b\u0107 szytych przez nas ubra\u0144. Dzi\u0119ki temu mamy mo\u017cliwo\u015b\u0107 dogl\u0105dania procesu powstawania ka\u017cdego modelu na dowolnym jego etapie. Aktualnie jeste\u015bmy w stanie wyprodukowa\u0107 kilka tysi\u0119cy sztuk dziennie. Warto doda\u0107, \u017ce nasz park maszynowy jest ca\u0142y czas w rozbudowie i przybywa w nim sprz\u0119tu oraz nowych pracownik\u00f3w. Ze wzgl\u0119du na du\u017ce zainteresowanie naszymi produktami przez ca\u0142y rok, zdecydowali\u015bmy si\u0119 powi\u0119kszy\u0107 hal\u0119 magazynow\u0105 i obecnie mo\u017cemy przechowywa\u0107 w niej kilkadziesi\u0105t tysi\u0119cy sztuk. Umo\u017cliwia nam to ekspresow\u0105 wysy\u0142k\u0119 do kontrahent\u00f3w.<\/span><\/p><p class=\"LO-normal\"><span lang=\"pl\">Konsekwentnie realizujemy nasz\u0105 strategi\u0119, by za ka\u017cdym razem podnosi\u0107 sobie poprzeczk\u0119 i w ten spos\u00f3b rozwija\u0107 si\u0119 na wielu p\u0142aszczyznach jednocze\u015bnie. Wiele sukces\u00f3w zawdzi\u0119czamy naszemu zespo\u0142owi, kt\u00f3ry w ka\u017cde zadanie wk\u0142ada cz\u0119\u015b\u0107 siebie. Bez do\u015bwiadczonych, kreatywnych, pracowitych i lojalnych os\u00f3b nie mogliby\u015bmy wspi\u0105\u0107 si\u0119 tak wysoko i stawia\u0107 kolejnych krok\u00f3w w \u015bwiecie mody.<\/span><\/p><\/div><\/div>\n        <\/section>\t\t<\/div>\n\t\t\t\t<\/div>\n\t\t\t\t\t\t<\/div>\n\t\t\t\t\t<\/div>\n\t\t<\/div>\n\t\t\t\t<div class=\"aux-parallax-section elementor-column elementor-col-50 elementor-top-column elementor-element elementor-element-8fb20c2\" data-id=\"8fb20c2\" data-element_type=\"column\">\n\t\t\t<div class=\"elementor-column-wrap elementor-element-populated\">\n\t\t\t\t\t\t\t<div class=\"elementor-widget-wrap\">\n\t\t\t\t\t\t<div class=\"elementor-element elementor-element-0fdbb03 aux-appear-watch-animation aux-mask-from-left elementor-widget elementor-widget-aux_image\" data-id=\"0fdbb03\" data-element_type=\"widget\" data-widget_type=\"aux_image.default\">\n\t\t\t\t<div class=\"elementor-widget-container\">\n\t\t\t<section class=\"widget-container aux-widget-image aux-alignnone aux-parent-aubbad9e10\">\n    <div class=\"aux-media-hint-frame \">\n        <div class=\"aux-media-image \" >\n        \n            \n\n            \n            <img loading=\"lazy\" decoding=\"async\" width=\"683\" height=\"1024\" src=\"https:\/\/www.eprestige.eu\/wp-content\/uploads\/2021\/12\/1-1-40x60.jpg\" class=\"aux-attachment aux-featured-image aux-attachment-id-541 aux-preload aux-has-preview\" alt=\"1\" data-ratio=\"0.67\" data-original-w=\"683\" data-src=\"https:\/\/www.eprestige.eu\/wp-content\/uploads\/2021\/12\/1-1.jpg\" \/>            \n                <\/div>\n    <\/div>\n\n<\/section><!-- widget-container -->\t\t<\/div>\n\t\t\t\t<\/div>\n\t\t\t\t\t\t<\/div>\n\t\t\t\t\t<\/div>\n\t\t<\/div>\n\t\t\t\t\t\t\t\t<\/div>\n\t\t\t\t\t<\/div>\n\t\t<\/section>\n\t\t\t\t<section class=\"elementor-section elementor-top-section elementor-element elementor-element-f355eaf elementor-section-boxed elementor-section-height-default elementor-section-height-default\" data-id=\"f355eaf\" data-element_type=\"section\">\n\t\t\t\t\t\t<div class=\"elementor-container elementor-column-gap-default\">\n\t\t\t\t\t\t\t<div class=\"elementor-row\">\n\t\t\t\t\t<div class=\"aux-parallax-section elementor-column elementor-col-100 elementor-top-column elementor-element elementor-element-b16349a\" data-id=\"b16349a\" data-element_type=\"column\">\n\t\t\t<div class=\"elementor-column-wrap\">\n\t\t\t\t\t\t\t<div class=\"elementor-widget-wrap\">\n\t\t\t\t\t\t\t\t<\/div>\n\t\t\t\t\t<\/div>\n\t\t<\/div>\n\t\t\t\t\t\t\t\t<\/div>\n\t\t\t\t\t<\/div>\n\t\t<\/section>\n\t\t\t\t<section class=\"elementor-section elementor-top-section elementor-element elementor-element-76d0e14 elementor-reverse-tablet elementor-reverse-mobile elementor-section-boxed elementor-section-height-default elementor-section-height-default\" data-id=\"76d0e14\" data-element_type=\"section\">\n\t\t\t\t\t\t<div class=\"elementor-container elementor-column-gap-default\">\n\t\t\t\t\t\t\t<div class=\"elementor-row\">\n\t\t\t\t\t<div class=\"aux-parallax-section elementor-column elementor-col-50 elementor-top-column elementor-element elementor-element-bb83c0e\" data-id=\"bb83c0e\" data-element_type=\"column\">\n\t\t\t<div class=\"elementor-column-wrap elementor-element-populated\">\n\t\t\t\t\t\t\t<div class=\"elementor-widget-wrap\">\n\t\t\t\t\t\t<div class=\"elementor-element elementor-element-13bed34 aux-appear-watch-animation aux-mask-from-left elementor-widget elementor-widget-aux_image\" data-id=\"13bed34\" data-element_type=\"widget\" data-widget_type=\"aux_image.default\">\n\t\t\t\t<div class=\"elementor-widget-container\">\n\t\t\t<section class=\"widget-container aux-widget-image aux-alignnone aux-parent-au48ff44dd\">\n    <div class=\"aux-media-hint-frame \">\n        <div class=\"aux-media-image \" >\n        \n            \n\n            \n            <img loading=\"lazy\" decoding=\"async\" width=\"683\" height=\"1024\" src=\"https:\/\/www.eprestige.eu\/wp-content\/uploads\/2021\/12\/2-1-40x60.jpg\" class=\"aux-attachment aux-featured-image aux-attachment-id-542 aux-preload aux-has-preview\" alt=\"2\" data-ratio=\"0.67\" data-original-w=\"683\" data-src=\"https:\/\/www.eprestige.eu\/wp-content\/uploads\/2021\/12\/2-1.jpg\" \/>            \n                <\/div>\n    <\/div>\n\n<\/section><!-- widget-container -->\t\t<\/div>\n\t\t\t\t<\/div>\n\t\t\t\t\t\t<\/div>\n\t\t\t\t\t<\/div>\n\t\t<\/div>\n\t\t\t\t<div class=\"aux-parallax-section elementor-column elementor-col-50 elementor-top-column elementor-element elementor-element-77b1967\" data-id=\"77b1967\" data-element_type=\"column\">\n\t\t\t<div class=\"elementor-column-wrap elementor-element-populated\">\n\t\t\t\t\t\t\t<div class=\"elementor-widget-wrap\">\n\t\t\t\t\t\t<div class=\"elementor-element elementor-element-1cf7e34 aux-appear-watch-animation aux-fade-in-up elementor-widget elementor-widget-aux_modern_heading\" data-id=\"1cf7e34\" data-element_type=\"widget\" data-widget_type=\"aux_modern_heading.default\">\n\t\t\t\t<div class=\"elementor-widget-container\">\n\t\t\t<section class=\"aux-widget-modern-heading\">\n            <div class=\"aux-widget-inner\"><h2 class=\"aux-modern-heading-primary\">Nasza misja - <\/h2><h3 class=\"aux-modern-heading-secondary\"><span class=\"aux-head-highlight\">wywo\u0142ywa\u0107 u\u015bmiech na twarzy<\/span><\/h3><div class=\"aux-modern-heading-description\"><p class=\"LO-normal\"><span lang=\"pl\">Doskonale zdawali\u015bmy sobie spraw\u0119, \u017ce wystartowanie z now\u0105, kolejn\u0105 mark\u0105 na rynku, nie nale\u017cy do \u0142atwych zada\u0144. Nie poddawali\u015bmy si\u0119 na \u017cadnym z etap\u00f3w i krok po kroku d\u0105\u017cyli\u015bmy do postawionego celu. W jego osi\u0105gni\u0119ciu pomog\u0142o nam do\u015bwiadczenie oraz baczne obserwowanie kobiet z r\u00f3\u017cnych grup. <\/span><\/p><p class=\"LO-normal\"><span lang=\"pl\">Inspiracji szukali\u015bmy wsz\u0119dzie, ale to zawsze sytuacje z \u017cycia codziennego dawa\u0142y nam odpowiedzi na nurtuj\u0105ce nas pytania. Analizowali\u015bmy i wyci\u0105gali\u015bmy wnioski, kt\u00f3re nast\u0119pnie przelali\u015bmy na papier - w ten spos\u00f3b powstawa\u0142y kolejne projekty, kt\u00f3re dzi\u015b pokazujemy z dum\u0105. Wierzymy, \u017ce ubranie to nie tylko kawa\u0142ek materia\u0142u, a co\u015b zdecydowanie wi\u0119cej. Chcemy, by kobiety decyduj\u0105ce si\u0119 na zakup naszych marek poczu\u0142y co\u015b wyj\u0105tkowego i wyrazi\u0142y siebie w r\u00f3\u017cnych sytuacjach \u017cyciowych.<\/span><\/p><\/div><\/div>\n        <\/section>\t\t<\/div>\n\t\t\t\t<\/div>\n\t\t\t\t\t\t<\/div>\n\t\t\t\t\t<\/div>\n\t\t<\/div>\n\t\t\t\t\t\t\t\t<\/div>\n\t\t\t\t\t<\/div>\n\t\t<\/section>\n\t\t\t\t\t\t<\/div>\n\t\t\t\t\t\t<\/div>\n\t\t\t\t\t<\/div>\n\t\t","protected":false},"excerpt":{"rendered":"<p>O nas Kim jeste\u015bmy i co oferujemy? Pocz\u0105tek naszej dzia\u0142alno\u015bci si\u0119ga 2010 r. Mieli\u015bmy wizj\u0119, motywacj\u0119, pomys\u0142 i du\u017co ch\u0119ci, \u017ceby bra\u0107 czynny udzia\u0142 w \u017cyciu wielu kobiet. Wiedzieli\u015bmy jednak, \u017ce przed nami trudne zadanie, kt\u00f3re wymaga czasu. Dzi\u015b, po 12. latach dzia\u0142alno\u015bci, mo\u017cemy pochwali\u0107 si\u0119 w\u0142asn\u0105 szwalni\u0105, w kt\u00f3rej pracuje niemal\u017ce 200 os\u00f3b dbaj\u0105cych [&hellip;]<\/p>\n","protected":false},"author":1,"featured_media":0,"parent":0,"menu_order":0,"comment_status":"closed","ping_status":"closed","template":"","meta":{"footnotes":""},"class_list":["post-451","page","type-page","status-publish","hentry"],"_links":{"self":[{"href":"https:\/\/www.eprestige.eu\/index.php?rest_route=\/wp\/v2\/pages\/451","targetHints":{"allow":["GET"]}}],"collection":[{"href":"https:\/\/www.eprestige.eu\/index.php?rest_route=\/wp\/v2\/pages"}],"about":[{"href":"https:\/\/www.eprestige.eu\/index.php?rest_route=\/wp\/v2\/types\/page"}],"author":[{"embeddable":true,"href":"https:\/\/www.eprestige.eu\/index.php?rest_route=\/wp\/v2\/users\/1"}],"replies":[{"embeddable":true,"href":"https:\/\/www.eprestige.eu\/index.php?rest_route=%2Fwp%2Fv2%2Fcomments&post=451"}],"version-history":[{"count":40,"href":"https:\/\/www.eprestige.eu\/index.php?rest_route=\/wp\/v2\/pages\/451\/revisions"}],"predecessor-version":[{"id":722,"href":"https:\/\/www.eprestige.eu\/index.php?rest_route=\/wp\/v2\/pages\/451\/revisions\/722"}],"wp:attachment":[{"href":"https:\/\/www.eprestige.eu\/index.php?rest_route=%2Fwp%2Fv2%2Fmedia&parent=451"}],"curies":[{"name":"wp","href":"https:\/\/api.w.org\/{rel}","templated":true}]}}